{"id":2979,"date":"2024-05-24T09:57:39","date_gmt":"2024-05-24T12:57:39","guid":{"rendered":"https:\/\/barahotel.com.br\/?page_id=2979"},"modified":"2025-12-18T16:11:33","modified_gmt":"2025-12-18T19:11:33","slug":"regras-pet","status":"publish","type":"page","link":"https:\/\/barahotel.com.br\/en\/regras-pet\/","title":{"rendered":"Regras PET"},"content":{"rendered":"<style>\nh2{margin-top:40px !important;}<br \/><\/style>\n<ol>\n<li>\n<h2 class=\"western\" lang=\"pt-PT\">Pol\u00edtica de Aceita\u00e7\u00e3o de Pets<\/h2>\n<ul>\n<li>\n<p lang=\"pt-PT\"><span style=\"font-size: small;\"><span style=\"font-size: medium;\"><b>Tipos de Animais<\/b><\/span><b> <\/b><span style=\"font-size: medium;\"><b>Permitidos:<\/b><\/span><b> <\/b><span style=\"font-size: medium;\">Apenas<\/span> <span style=\"font-size: medium;\">c\u00e3es de pequeno porte<\/span> <span style=\"font-size: medium;\">e<\/span> <span style=\"font-size: medium;\">gatos s\u00e3o permitidos. Outras esp\u00e9cies de animais de estima\u00e7\u00e3o n\u00e3o s\u00e3o aceitas.<\/span><\/span><\/p>\n<\/li>\n<li>\n<p lang=\"pt-PT\"><span style=\"font-size: small;\"><span style=\"font-size: medium;\"><b>Limite<\/b><\/span><b> <\/b><span style=\"font-size: medium;\"><b>of<\/b><\/span><b> <\/b><span style=\"font-size: medium;\"><b>Animais:<\/b><\/span><b> <\/b><span style=\"font-size: medium;\">Cada<\/span> <span style=\"font-size: medium;\">quarto<\/span> <span style=\"font-size: medium;\">pode<\/span> <span style=\"font-size: medium;\">acomodar<\/span> <span style=\"font-size: medium;\">no<\/span> <span style=\"font-size: medium;\">m\u00e1ximo<\/span> <span style=\"font-size: medium;\">dois<\/span> <span style=\"font-size: medium;\">pets.<\/span><\/span><\/p>\n<\/li>\n<li>\n<p lang=\"pt-PT\"><span style=\"font-size: small;\"><span style=\"font-size: medium;\"><b>Peso<\/b><\/span><b> <\/b><span style=\"font-size: medium;\"><b>M\u00e1ximo:<\/b><\/span><b> <\/b><span style=\"font-size: medium;\">O<\/span> <span style=\"font-size: medium;\">peso<\/span> <span style=\"font-size: medium;\">m\u00e1ximo<\/span> <span style=\"font-size: medium;\">permitido<\/span> <span style=\"font-size: medium;\">por<\/span> <span style=\"font-size: medium;\">animal<\/span> <span style=\"font-size: medium;\">\u00e9<\/span> <span style=\"font-size: medium;\">of<\/span> <span style=\"font-size: medium;\">15<\/span> <span style=\"font-size: medium;\">kg.<\/span><\/span><\/p>\n<\/li>\n<\/ul>\n<\/li>\n<\/ol>\n<ol start=\"2\">\n<li>\n<h2 class=\"western\" lang=\"pt-PT\">Documenta\u00e7\u00e3o Necess\u00e1ria<\/h2>\n<ul>\n<li>\n<p lang=\"pt-PT\"><span style=\"font-size: small;\"><span style=\"font-size: medium;\"><b>Carteira<\/b><\/span><b> <\/b><span style=\"font-size: medium;\"><b>of<\/b><\/span><b> <\/b><span style=\"font-size: medium;\"><b>Vacina\u00e7\u00e3o:<\/b><\/span><b> <\/b><span style=\"font-size: medium;\">Todos<\/span> <span style=\"font-size: medium;\">os<\/span> <span style=\"font-size: medium;\">pets<\/span> <span style=\"font-size: medium;\">devem<\/span> <span style=\"font-size: medium;\">apresentar<\/span> <span style=\"font-size: medium;\">carteira<\/span> <span style=\"font-size: medium;\">of<\/span> <span style=\"font-size: medium;\">vacina\u00e7\u00e3o<\/span> <span style=\"font-size: medium;\">atualizada,<\/span> <span style=\"font-size: medium;\">incluindo <\/span><span style=\"font-size: medium;\">vacina antirr\u00e1bica.<\/span><\/span><\/p>\n<\/li>\n<\/ul>\n<\/li>\n<\/ol>\n<ol start=\"3\">\n<li>\n<h2 class=\"western\" lang=\"pt-PT\">Responsabilidades dos Tutores<\/h2>\n<ul>\n<li>\n<p lang=\"pt-PT\"><span style=\"font-size: small;\"><span style=\"font-size: medium;\"><b>Supervis\u00e3o<\/b><\/span><b> <\/b><span style=\"font-size: medium;\"><b>Constante: <\/b><\/span><span style=\"font-size: medium;\">Os pets n\u00e3o podem<\/span> <span style=\"font-size: medium;\">ser<\/span> <span style=\"font-size: medium;\">deixados sozinhos nos quartos em<\/span> <span style=\"font-size: medium;\">nenhum momento. <\/span><span style=\"color: #000000;\"><span style=\"font-size: medium;\">O descumprimento<\/span><\/span> <span style=\"color: #000000;\"><span style=\"font-size: medium;\">dessa regra estar\u00e1 sujeito<\/span><\/span> <span style=\"color: #000000;\"><span style=\"font-size: medium;\">a multa de<\/span><\/span><span style=\"color: #000000;\"><span style=\"font-size: medium;\"> mil e quinhentos reais (<\/span><\/span><span style=\"color: #000000;\"><span style=\"font-size: medium;\">R$<\/span><\/span> <span style=\"color: #000000;\"><span style=\"font-size: medium;\">1.500,00),<\/span><\/span> <span style=\"color: #000000;\"><span style=\"font-size: medium;\">assim<\/span><\/span> <span style=\"color: #000000;\"><span style=\"font-size: medium;\">como<\/span><\/span> <span style=\"color: #000000;\"><span style=\"font-size: medium;\">todo<\/span><\/span> <span style=\"color: #000000;\"><span style=\"font-size: medium;\">,<\/span><\/span> <span style=\"color: #000000;\"><span style=\"font-size: medium;\">custeio<\/span><\/span> <span style=\"color: #000000;\"><span style=\"font-size: medium;\">do<\/span><\/span> <span style=\"color: #000000;\"><span style=\"font-size: medium;\">\u201cPet<\/span><\/span> <span style=\"color: #000000;\"><span style=\"font-size: medium;\">Care\u201d,<\/span><\/span> <span style=\"color: #000000;\"><span style=\"font-size: medium;\">servi\u00e7o<\/span><\/span> <span style=\"color: #000000;\"><span style=\"font-size: medium;\">of<\/span><\/span> <span style=\"color: #000000;\"><span style=\"font-size: medium;\">Hotel<\/span><\/span><span style=\"color: #000000;\"><span style=\"font-size: medium;\"> para <\/span><\/span><span style=\"color: #000000;\"><span style=\"font-size: medium;\">Pet<\/span><\/span> <span style=\"color: #000000;\"><span style=\"font-size: medium;\">que<\/span><\/span> <span style=\"color: #000000;\"><span style=\"font-size: medium;\">ser\u00e1<\/span><\/span> <span style=\"color: #000000;\"><span style=\"font-size: medium;\">acionado<\/span><\/span> <span style=\"color: #000000;\"><span style=\"font-size: medium;\">para<\/span><\/span> <span style=\"color: #000000;\"><span style=\"font-size: medium;\">garantir a seguran\u00e7a e conforto dos Pets.<\/span><\/span><\/span><\/p>\n<\/li>\n<li>\n<p lang=\"pt-PT\"><span style=\"font-size: small;\"><span style=\"font-size: medium;\"><b>Uso<\/b><\/span><b> <\/b><span style=\"font-size: medium;\"><b>of<\/b><\/span><b> <\/b><span style=\"font-size: medium;\"><b>Coleira<\/b><\/span><b> <\/b><span style=\"font-size: medium;\"><b>e<\/b><\/span><b> <\/b><span style=\"font-size: medium;\"><b>Guia:<\/b><\/span><b> <\/b><span style=\"font-size: medium;\">Os<\/span> <span style=\"font-size: medium;\">pets<\/span> <span style=\"font-size: medium;\">devem<\/span> <span style=\"font-size: medium;\">estar<\/span> <span style=\"font-size: medium;\">sempre<\/span> <span style=\"font-size: medium;\">com<\/span> <span style=\"font-size: medium;\">coleira<\/span> <span style=\"font-size: medium;\">e<\/span> <span style=\"font-size: medium;\">guia<\/span> <span style=\"font-size: medium;\">nas<\/span> <span style=\"font-size: medium;\">\u00e1reas<\/span> <span style=\"font-size: medium;\">comuns<\/span> <span style=\"font-size: medium;\">do <\/span><span style=\"font-size: medium;\">hotel.<\/span><\/span><\/p>\n<\/li>\n<li>\n<p lang=\"pt-PT\"><span style=\"font-size: small;\"><span style=\"font-size: medium;\"><b>Higiene:<\/b><\/span><b> <\/b><span style=\"font-size: medium;\">Os<\/span> <span style=\"font-size: medium;\">tutores s\u00e3o<\/span> <span style=\"font-size: medium;\">respons\u00e1veis<\/span> <span style=\"font-size: medium;\">por recolher e descartar<\/span> <span style=\"font-size: medium;\">adequadamente<\/span> <span style=\"font-size: medium;\">as<\/span> <span style=\"font-size: medium;\">fezes dos pets. Sacos<\/span> <span style=\"font-size: medium;\">de coleta devem<\/span> <span style=\"font-size: medium;\">ser<\/span> <span style=\"font-size: medium;\">utilizados<\/span> <span style=\"font-size: medium;\">e descartados<\/span> <span style=\"font-size: medium;\">em<\/span> <span style=\"font-size: medium;\">locais<\/span> <span style=\"font-size: medium;\">apropriados.<\/span><\/span><\/p>\n<\/li>\n<li>\n<p lang=\"pt-PT\"><span style=\"font-size: small;\"><span style=\"font-size: medium;\"><b>Comportamento:<\/b><\/span><b> <\/b><span style=\"font-size: medium;\">Os tutores devem garantir que<\/span> <span style=\"font-size: medium;\">seus pets n\u00e3o causem inc\u00f4modo aos outros h\u00f3spedes, como<\/span> <span style=\"font-size: medium;\">latidos excessivos ou comportamento<\/span> <span style=\"font-size: medium;\">agressivo.<\/span><\/span><\/p>\n<\/li>\n<\/ul>\n<\/li>\n<li>\n<h2 class=\"western\" lang=\"pt-PT\">\u00c1reas Permitidas e Restri\u00e7\u00f5es<\/h2>\n<ul>\n<li>\n<p lang=\"pt-PT\"><span style=\"font-size: small;\"><span style=\"font-size: medium;\"><b>\u00c1reas<\/b><\/span><b> <\/b><span style=\"font-size: medium;\"><b>Comuns:<\/b><\/span><b> <\/b><span style=\"font-size: medium;\">Pets<\/span> <span style=\"font-size: medium;\">s\u00e3o<\/span> <span style=\"font-size: medium;\">permitidos<\/span> <span style=\"font-size: medium;\">apenas<\/span> <span style=\"font-size: medium;\">em \u00e1reas<\/span> <span style=\"font-size: medium;\">designadas<\/span> <span style=\"font-size: medium;\">pelo hotel,<\/span> <span style=\"font-size: medium;\">como jardins<\/span> <span style=\"font-size: medium;\">e<\/span> <span style=\"font-size: medium;\">\u00e1reas <\/span><span style=\"font-size: medium;\">externas<\/span> <span style=\"font-size: medium;\">espec\u00edficas. N\u00e3o<\/span> <span style=\"font-size: medium;\">\u00e9<\/span> <span style=\"font-size: medium;\">permitido<\/span> <span style=\"font-size: medium;\">,<\/span> <span style=\"font-size: medium;\">acesso<\/span> <span style=\"font-size: medium;\">of<\/span> <span style=\"font-size: medium;\">pets<\/span> <span style=\"font-size: medium;\">a restaurantes, piscinas, academias<\/span> <span style=\"font-size: medium;\">e<\/span> <span style=\"font-size: medium;\">spas.<\/span><\/span><\/p>\n<\/li>\n<\/ul>\n<\/li>\n<li>\n<h2 class=\"western\" lang=\"pt-PT\">Taxas e dep\u00f3sitos<\/h2>\n<ul>\n<li><strong>Taxa de Limpeza<\/strong>: Ser\u00e1 cobrada uma taxa adicional de limpeza por pet, por di\u00e1ria, no valor de R$ 250,00 (Duzentos e cinquenta reais) + taxas de servi\u00e7o.<\/li>\n<li><strong>Dep\u00f3sito de Seguran\u00e7a<\/strong>: Um dep\u00f3sito de seguran\u00e7a reembols\u00e1vel ser\u00e1 exigido para cobrir eventuais danos causados pelo pet.<\/li>\n<\/ul>\n<p>&nbsp;<\/p>\n<p lang=\"pt-PT\"><strong>Legisla\u00e7\u00e3o Brasileira<\/strong>: As regras acima est\u00e3o em conformidade com a legisla\u00e7\u00e3o brasileira, incluindo a Lei de Crimes Ambientais (Lei n\u00ba 9.605\/1998) e o C\u00f3digo de Defesa do Consumidor (Lei n\u00ba 8.078\/1990), que garantem a prote\u00e7\u00e3o dos animais e dos consumidores.<\/p>\n<p lang=\"pt-PT\"><strong>Responsabilidade Civil<\/strong>: Os tutores s\u00e3o respons\u00e1veis por quaisquer danos causados pelos pets \u00e0s instala\u00e7\u00f5es do hotel ou a outros h\u00f3spedes.<\/p>\n<\/li>\n<\/ol>\n<ol start=\"6\">\n<li>\n<h2 class=\"western\" lang=\"pt-PT\">Termo e responsabilidade<\/h2>\n<ul>\n<li>\n<p lang=\"pt-PT\" align=\"justify\"><span style=\"font-size: small;\"><span style=\"font-size: medium;\"><b>Assinatura de Termo: <\/b><\/span><span style=\"font-size: medium;\">No momento do check-in, os tutores devem assinar um termo de <\/span><span style=\"font-size: medium;\">responsabilidade, concordando<\/span> <span style=\"font-size: medium;\">com<\/span> <span style=\"font-size: medium;\">todas<\/span> <span style=\"font-size: medium;\">as<\/span> <span style=\"font-size: medium;\">regras<\/span> <span style=\"font-size: medium;\">e<\/span> <span style=\"font-size: medium;\">pol\u00edticas<\/span> <span style=\"font-size: medium;\">do<\/span> <span style=\"font-size: medium;\">hotel<\/span> <span style=\"font-size: medium;\">relativas<\/span> <span style=\"font-size: medium;\">\u00e0 hospedagem<\/span> <span style=\"font-size: medium;\">of<\/span> <span style=\"font-size: medium;\">pets.<\/span><\/span><\/p>\n<\/li>\n<\/ul>\n<\/li>\n<\/ol>\n<p class=\"western\" lang=\"pt-PT\" align=\"justify\">Essas regras visam criar uma ambiente harmonioso e seguro para todos os h\u00f3spedes, garantindo que os animais sejam bem cuidados e que os tutores cumpram suas responsabilidades.<\/p>","protected":false},"excerpt":{"rendered":"<p>Pol\u00edtica de Aceita\u00e7\u00e3o de Pets Tipos de Animais Permitidos: Apenas c\u00e3es de pequeno porte e gatos s\u00e3o permitidos. Outras esp\u00e9cies de animais de estima\u00e7\u00e3o n\u00e3o s\u00e3o aceitas. Limite de Animais: Cada quarto pode acomodar no m\u00e1ximo dois pets. Peso M\u00e1ximo: O peso m\u00e1ximo permitido por animal \u00e9 de 15 kg. Documenta\u00e7\u00e3o Necess\u00e1ria Carteira de Vacina\u00e7\u00e3o: [&hellip;]<\/p>\n","protected":false},"author":1,"featured_media":0,"parent":0,"menu_order":0,"comment_status":"closed","ping_status":"closed","template":"","meta":{"footnotes":""},"class_list":["post-2979","page","type-page","status-publish","hentry"],"acf":[],"yoast_head":"<!-- This site is optimized with the Yoast SEO plugin v25.6 - https:\/\/yoast.com\/wordpress\/plugins\/seo\/ -->\n<title>Regras PET - BA&#039;RA Hotel Jo\u00e3o Pessoa<\/title>\n<meta name=\"robots\" content=\"index, follow, max-snippet:-1, max-image-preview:large, max-video-preview:-1\" \/>\n<link rel=\"canonical\" href=\"https:\/\/barahotel.com.br\/en\/regras-pet\/\" \/>\n<meta property=\"og:locale\" content=\"en_US\" \/>\n<meta property=\"og:type\" content=\"article\" \/>\n<meta property=\"og:title\" content=\"Regras PET - BA&#039;RA Hotel Jo\u00e3o Pessoa\" \/>\n<meta property=\"og:description\" content=\"Pol\u00edtica de Aceita\u00e7\u00e3o de Pets Tipos de Animais Permitidos: Apenas c\u00e3es de pequeno porte e gatos s\u00e3o permitidos. Outras esp\u00e9cies de animais de estima\u00e7\u00e3o n\u00e3o s\u00e3o aceitas. Limite de Animais: Cada quarto pode acomodar no m\u00e1ximo dois pets. Peso M\u00e1ximo: O peso m\u00e1ximo permitido por animal \u00e9 de 15 kg. Documenta\u00e7\u00e3o Necess\u00e1ria Carteira de Vacina\u00e7\u00e3o: [&hellip;]\" \/>\n<meta property=\"og:url\" content=\"https:\/\/barahotel.com.br\/en\/regras-pet\/\" \/>\n<meta property=\"og:site_name\" content=\"BA&#039;RA Hotel Jo\u00e3o Pessoa\" \/>\n<meta property=\"article:modified_time\" content=\"2025-12-18T19:11:33+00:00\" \/>\n<meta name=\"twitter:card\" content=\"summary_large_image\" \/>\n<meta name=\"twitter:label1\" content=\"Est. reading time\" \/>\n\t<meta name=\"twitter:data1\" content=\"3 minutes\" \/>\n<script type=\"application\/ld+json\" class=\"yoast-schema-graph\">{\"@context\":\"https:\/\/schema.org\",\"@graph\":[{\"@type\":\"WebPage\",\"@id\":\"https:\/\/barahotel.com.br\/regras-pet\/\",\"url\":\"https:\/\/barahotel.com.br\/regras-pet\/\",\"name\":\"Regras PET - BA&#039;RA Hotel Jo\u00e3o Pessoa\",\"isPartOf\":{\"@id\":\"https:\/\/barahotel.com.br\/#website\"},\"datePublished\":\"2024-05-24T12:57:39+00:00\",\"dateModified\":\"2025-12-18T19:11:33+00:00\",\"breadcrumb\":{\"@id\":\"https:\/\/barahotel.com.br\/regras-pet\/#breadcrumb\"},\"inLanguage\":\"en-US\",\"potentialAction\":[{\"@type\":\"ReadAction\",\"target\":[\"https:\/\/barahotel.com.br\/regras-pet\/\"]}]},{\"@type\":\"BreadcrumbList\",\"@id\":\"https:\/\/barahotel.com.br\/regras-pet\/#breadcrumb\",\"itemListElement\":[{\"@type\":\"ListItem\",\"position\":1,\"name\":\"In\u00edcio\",\"item\":\"https:\/\/barahotel.com.br\/\"},{\"@type\":\"ListItem\",\"position\":2,\"name\":\"Regras PET\"}]},{\"@type\":\"WebSite\",\"@id\":\"https:\/\/barahotel.com.br\/#website\",\"url\":\"https:\/\/barahotel.com.br\/\",\"name\":\"BA'RA Hotel - Viva o mundo ao seu redor!\",\"description\":\"Viva o mundo ao seu redor.\",\"publisher\":{\"@id\":\"https:\/\/barahotel.com.br\/#organization\"},\"alternateName\":\"BARA Hotel\",\"potentialAction\":[{\"@type\":\"SearchAction\",\"target\":{\"@type\":\"EntryPoint\",\"urlTemplate\":\"https:\/\/barahotel.com.br\/?s={search_term_string}\"},\"query-input\":{\"@type\":\"PropertyValueSpecification\",\"valueRequired\":true,\"valueName\":\"search_term_string\"}}],\"inLanguage\":\"en-US\"},{\"@type\":\"Organization\",\"@id\":\"https:\/\/barahotel.com.br\/#organization\",\"name\":\"BA'RA Hotel - Viva o mundo ao seu redor!\",\"alternateName\":\"BARA Hotel\",\"url\":\"https:\/\/barahotel.com.br\/\",\"logo\":{\"@type\":\"ImageObject\",\"inLanguage\":\"en-US\",\"@id\":\"https:\/\/barahotel.com.br\/#\/schema\/logo\/image\/\",\"url\":\"https:\/\/barahotel.com.br\/wp-content\/uploads\/2022\/11\/BARA-Hotel-Viva-o-mundo-ao-seu-redor.png\",\"contentUrl\":\"https:\/\/barahotel.com.br\/wp-content\/uploads\/2022\/11\/BARA-Hotel-Viva-o-mundo-ao-seu-redor.png\",\"width\":544,\"height\":197,\"caption\":\"BA'RA Hotel - Viva o mundo ao seu redor!\"},\"image\":{\"@id\":\"https:\/\/barahotel.com.br\/#\/schema\/logo\/image\/\"}}]}<\/script>\n<!-- \/ Yoast SEO plugin. -->","yoast_head_json":{"title":"Regras PET - BA&#039;RA Hotel Jo\u00e3o Pessoa","robots":{"index":"index","follow":"follow","max-snippet":"max-snippet:-1","max-image-preview":"max-image-preview:large","max-video-preview":"max-video-preview:-1"},"canonical":"https:\/\/barahotel.com.br\/en\/regras-pet\/","og_locale":"en_US","og_type":"article","og_title":"Regras PET - BA&#039;RA Hotel Jo\u00e3o Pessoa","og_description":"Pol\u00edtica de Aceita\u00e7\u00e3o de Pets Tipos de Animais Permitidos: Apenas c\u00e3es de pequeno porte e gatos s\u00e3o permitidos. Outras esp\u00e9cies de animais de estima\u00e7\u00e3o n\u00e3o s\u00e3o aceitas. Limite de Animais: Cada quarto pode acomodar no m\u00e1ximo dois pets. Peso M\u00e1ximo: O peso m\u00e1ximo permitido por animal \u00e9 de 15 kg. Documenta\u00e7\u00e3o Necess\u00e1ria Carteira de Vacina\u00e7\u00e3o: [&hellip;]","og_url":"https:\/\/barahotel.com.br\/en\/regras-pet\/","og_site_name":"BA&#039;RA Hotel Jo\u00e3o Pessoa","article_modified_time":"2025-12-18T19:11:33+00:00","twitter_card":"summary_large_image","twitter_misc":{"Est. reading time":"3 minutes"},"schema":{"@context":"https:\/\/schema.org","@graph":[{"@type":"WebPage","@id":"https:\/\/barahotel.com.br\/regras-pet\/","url":"https:\/\/barahotel.com.br\/regras-pet\/","name":"Regras PET - BA&#039;RA Hotel Jo\u00e3o Pessoa","isPartOf":{"@id":"https:\/\/barahotel.com.br\/#website"},"datePublished":"2024-05-24T12:57:39+00:00","dateModified":"2025-12-18T19:11:33+00:00","breadcrumb":{"@id":"https:\/\/barahotel.com.br\/regras-pet\/#breadcrumb"},"inLanguage":"en-US","potentialAction":[{"@type":"ReadAction","target":["https:\/\/barahotel.com.br\/regras-pet\/"]}]},{"@type":"BreadcrumbList","@id":"https:\/\/barahotel.com.br\/regras-pet\/#breadcrumb","itemListElement":[{"@type":"ListItem","position":1,"name":"In\u00edcio","item":"https:\/\/barahotel.com.br\/"},{"@type":"ListItem","position":2,"name":"Regras PET"}]},{"@type":"WebSite","@id":"https:\/\/barahotel.com.br\/#website","url":"https:\/\/barahotel.com.br\/","name":"BA'RA Hotel - Viva o mundo ao seu redor!","description":"Viva o mundo ao seu redor.","publisher":{"@id":"https:\/\/barahotel.com.br\/#organization"},"alternateName":"BARA Hotel","potentialAction":[{"@type":"SearchAction","target":{"@type":"EntryPoint","urlTemplate":"https:\/\/barahotel.com.br\/?s={search_term_string}"},"query-input":{"@type":"PropertyValueSpecification","valueRequired":true,"valueName":"search_term_string"}}],"inLanguage":"en-US"},{"@type":"Organization","@id":"https:\/\/barahotel.com.br\/#organization","name":"BA'RA Hotel - Viva o mundo ao seu redor!","alternateName":"BARA Hotel","url":"https:\/\/barahotel.com.br\/","logo":{"@type":"ImageObject","inLanguage":"en-US","@id":"https:\/\/barahotel.com.br\/#\/schema\/logo\/image\/","url":"https:\/\/barahotel.com.br\/wp-content\/uploads\/2022\/11\/BARA-Hotel-Viva-o-mundo-ao-seu-redor.png","contentUrl":"https:\/\/barahotel.com.br\/wp-content\/uploads\/2022\/11\/BARA-Hotel-Viva-o-mundo-ao-seu-redor.png","width":544,"height":197,"caption":"BA'RA Hotel - Viva o mundo ao seu redor!"},"image":{"@id":"https:\/\/barahotel.com.br\/#\/schema\/logo\/image\/"}}]}},"_links":{"self":[{"href":"https:\/\/barahotel.com.br\/en\/wp-json\/wp\/v2\/pages\/2979"}],"collection":[{"href":"https:\/\/barahotel.com.br\/en\/wp-json\/wp\/v2\/pages"}],"about":[{"href":"https:\/\/barahotel.com.br\/en\/wp-json\/wp\/v2\/types\/page"}],"author":[{"embeddable":true,"href":"https:\/\/barahotel.com.br\/en\/wp-json\/wp\/v2\/users\/1"}],"replies":[{"embeddable":true,"href":"https:\/\/barahotel.com.br\/en\/wp-json\/wp\/v2\/comments?post=2979"}],"version-history":[{"count":2,"href":"https:\/\/barahotel.com.br\/en\/wp-json\/wp\/v2\/pages\/2979\/revisions"}],"predecessor-version":[{"id":3975,"href":"https:\/\/barahotel.com.br\/en\/wp-json\/wp\/v2\/pages\/2979\/revisions\/3975"}],"wp:attachment":[{"href":"https:\/\/barahotel.com.br\/en\/wp-json\/wp\/v2\/media?parent=2979"}],"curies":[{"name":"wp","href":"https:\/\/api.w.org\/{rel}","templated":true}]}}